{"id":357,"date":"2022-09-04T09:17:54","date_gmt":"2022-09-04T07:17:54","guid":{"rendered":"https:\/\/liri.ch\/?page_id=357"},"modified":"2022-11-15T15:11:16","modified_gmt":"2022-11-15T14:11:16","slug":"our-home","status":"publish","type":"page","link":"https:\/\/liri.ch\/?page_id=357","title":{"rendered":"Our home"},"content":{"rendered":"\n<p>Unser Zuhause war ein gel\u00e4ndeg\u00e4ngiges Fahrzeug (Toyota Hilux), mit welchem wir auch abgelegene Orte besuchen konnten und nicht immer auf Campingpl\u00e4tze angewiesen waren.<\/p>\n\n\n\n<figure class=\"wp-block-image size-large\"><img loading=\"lazy\" decoding=\"async\" width=\"1024\" height=\"683\" src=\"https:\/\/liri.ch\/wp-content\/uploads\/2022\/11\/IMG_6962-1024x683.jpg\" alt=\"\" class=\"wp-image-1367\" srcset=\"https:\/\/liri.ch\/wp-content\/uploads\/2022\/11\/IMG_6962-1024x683.jpg 1024w, https:\/\/liri.ch\/wp-content\/uploads\/2022\/11\/IMG_6962-300x200.jpg 300w, https:\/\/liri.ch\/wp-content\/uploads\/2022\/11\/IMG_6962-768x512.jpg 768w, https:\/\/liri.ch\/wp-content\/uploads\/2022\/11\/IMG_6962-1536x1024.jpg 1536w, https:\/\/liri.ch\/wp-content\/uploads\/2022\/11\/IMG_6962-2048x1365.jpg 2048w\" sizes=\"auto, (max-width: 1024px) 100vw, 1024px\" \/><\/figure>\n\n\n\n<figure class=\"wp-block-image size-large\"><img loading=\"lazy\" decoding=\"async\" width=\"1024\" height=\"683\" src=\"https:\/\/liri.ch\/wp-content\/uploads\/2022\/11\/IMG_7078-1024x683.jpg\" alt=\"\" class=\"wp-image-1368\" srcset=\"https:\/\/liri.ch\/wp-content\/uploads\/2022\/11\/IMG_7078-1024x683.jpg 1024w, https:\/\/liri.ch\/wp-content\/uploads\/2022\/11\/IMG_7078-300x200.jpg 300w, https:\/\/liri.ch\/wp-content\/uploads\/2022\/11\/IMG_7078-768x512.jpg 768w, https:\/\/liri.ch\/wp-content\/uploads\/2022\/11\/IMG_7078-1536x1024.jpg 1536w, https:\/\/liri.ch\/wp-content\/uploads\/2022\/11\/IMG_7078-2048x1365.jpg 2048w\" sizes=\"auto, (max-width: 1024px) 100vw, 1024px\" \/><\/figure>\n\n\n\n<figure class=\"wp-block-image size-large\"><img loading=\"lazy\" decoding=\"async\" width=\"1024\" height=\"578\" src=\"https:\/\/liri.ch\/wp-content\/uploads\/2022\/11\/IMG20221005170722-1024x578.jpg\" alt=\"\" class=\"wp-image-1369\" srcset=\"https:\/\/liri.ch\/wp-content\/uploads\/2022\/11\/IMG20221005170722-1024x578.jpg 1024w, https:\/\/liri.ch\/wp-content\/uploads\/2022\/11\/IMG20221005170722-300x169.jpg 300w, https:\/\/liri.ch\/wp-content\/uploads\/2022\/11\/IMG20221005170722-768x433.jpg 768w, https:\/\/liri.ch\/wp-content\/uploads\/2022\/11\/IMG20221005170722-1536x866.jpg 1536w, https:\/\/liri.ch\/wp-content\/uploads\/2022\/11\/IMG20221005170722-2048x1155.jpg 2048w\" sizes=\"auto, (max-width: 1024px) 100vw, 1024px\" \/><\/figure>\n","protected":false},"excerpt":{"rendered":"<p>Unser Zuhause war ein gel\u00e4ndeg\u00e4ngiges Fahrzeug (Toyota Hilux), mit welchem wir auch abgelegene Orte besuchen konnten und nicht immer auf Campingpl\u00e4tze angewiesen waren.<\/p>\n","protected":false},"author":1,"featured_media":0,"parent":0,"menu_order":0,"comment_status":"closed","ping_status":"closed","template":"","meta":{"footnotes":""},"class_list":["post-357","page","type-page","status-publish","hentry"],"jetpack_sharing_enabled":true,"_links":{"self":[{"href":"https:\/\/liri.ch\/index.php?rest_route=\/wp\/v2\/pages\/357","targetHints":{"allow":["GET"]}}],"collection":[{"href":"https:\/\/liri.ch\/index.php?rest_route=\/wp\/v2\/pages"}],"about":[{"href":"https:\/\/liri.ch\/index.php?rest_route=\/wp\/v2\/types\/page"}],"author":[{"embeddable":true,"href":"https:\/\/liri.ch\/index.php?rest_route=\/wp\/v2\/users\/1"}],"replies":[{"embeddable":true,"href":"https:\/\/liri.ch\/index.php?rest_route=%2Fwp%2Fv2%2Fcomments&post=357"}],"version-history":[{"count":14,"href":"https:\/\/liri.ch\/index.php?rest_route=\/wp\/v2\/pages\/357\/revisions"}],"predecessor-version":[{"id":1371,"href":"https:\/\/liri.ch\/index.php?rest_route=\/wp\/v2\/pages\/357\/revisions\/1371"}],"wp:attachment":[{"href":"https:\/\/liri.ch\/index.php?rest_route=%2Fwp%2Fv2%2Fmedia&parent=357"}],"curies":[{"name":"wp","href":"https:\/\/api.w.org\/{rel}","templated":true}]}}